{"id":5703,"date":"2019-08-01T16:29:33","date_gmt":"2019-08-01T14:29:33","guid":{"rendered":"https:\/\/part2print.cz\/allgemeine-geschaftsbedingungen\/"},"modified":"2022-01-19T22:06:17","modified_gmt":"2022-01-19T21:06:17","slug":"allgemeine-geschaftsbedingungen","status":"publish","type":"page","link":"https:\/\/part2print.cz\/de\/allgemeine-geschaftsbedingungen\/","title":{"rendered":"Allgemeine Gesch\u00e4ftsbedingungen"},"content":{"rendered":"\t\t<div data-elementor-type=\"wp-post\" data-elementor-id=\"5703\" class=\"elementor elementor-5703 elementor-1137\">\n\t\t\t\t\t\t\t\t\t<div class=\"elementor-section elementor-top-section elementor-element elementor-element-8ab81c1 elementor-section-content-middle elementor-section-height-min-height elementor-section-boxed elementor-section-height-default elementor-section-items-middle\" data-id=\"8ab81c1\" data-element_type=\"section\">\n\t\t\t\t\t\t<div class=\"elementor-container elementor-column-gap-no\">\n\t\t\t\t\t<div class=\"elementor-column elementor-col-100 elementor-top-column elementor-element elementor-element-d0c60f3\" data-id=\"d0c60f3\" data-element_type=\"column\">\n\t\t\t<div class=\"elementor-widget-wrap elementor-element-populated\">\n\t\t\t\t\t\t\t\t<div class=\"elementor-element elementor-element-a7531ad elementor-widget elementor-widget-heading\" data-id=\"a7531ad\" data-element_type=\"widget\" data-widget_type=\"heading.default\">\n\t\t\t\t<div class=\"elementor-widget-container\">\n\t\t\t<style>\/*! elementor - v3.11.2 - 22-02-2023 *\/\n.elementor-heading-title{padding:0;margin:0;line-height:1}.elementor-widget-heading .elementor-heading-title[class*=elementor-size-]>a{color:inherit;font-size:inherit;line-height:inherit}.elementor-widget-heading .elementor-heading-title.elementor-size-small{font-size:15px}.elementor-widget-heading .elementor-heading-title.elementor-size-medium{font-size:19px}.elementor-widget-heading .elementor-heading-title.elementor-size-large{font-size:29px}.elementor-widget-heading .elementor-heading-title.elementor-size-xl{font-size:39px}.elementor-widget-heading .elementor-heading-title.elementor-size-xxl{font-size:59px}<\/style><h2 class=\"elementor-heading-title elementor-size-default\"><b>Obchodn\u00ed podm\u00ednky<\/b><\/h2>\t\t<\/div>\n\t\t\t\t<\/div>\n\t\t\t\t<div class=\"elementor-element elementor-element-4b11b3b elementor-widget elementor-widget-text-editor\" data-id=\"4b11b3b\" data-element_type=\"widget\" data-widget_type=\"text-editor.default\">\n\t\t\t\t<div class=\"elementor-widget-container\">\n\t\t\t<style>\/*! elementor - v3.11.2 - 22-02-2023 *\/\n.elementor-widget-text-editor.elementor-drop-cap-view-stacked .elementor-drop-cap{background-color:#818a91;color:#fff}.elementor-widget-text-editor.elementor-drop-cap-view-framed .elementor-drop-cap{color:#818a91;border:3px solid;background-color:transparent}.elementor-widget-text-editor:not(.elementor-drop-cap-view-default) .elementor-drop-cap{margin-top:8px}.elementor-widget-text-editor:not(.elementor-drop-cap-view-default) .elementor-drop-cap-letter{width:1em;height:1em}.elementor-widget-text-editor .elementor-drop-cap{float:left;text-align:center;line-height:1;font-size:50px}.elementor-widget-text-editor .elementor-drop-cap-letter{display:inline-block}<\/style>\t\t\t\t<p>Tyto V\u0161eobecn\u00e9 obchodn\u00ed podm\u00ednky (VOP) upravuj\u00ed vztah mezi prod\u00e1vaj\u00edc\u00edm \u2013 Part2Print s.r.o. (prod\u00e1vaj\u00edc\u00ed) a jej\u00edm z\u00e1kazn\u00edkem (kupuj\u00edc\u00edm). Kupuj\u00edc\u00ed je povinen sezn\u00e1mit se s Reklama\u010dn\u00edmi podm\u00ednkami a V\u0161eobecn\u00fdmi obchodn\u00edmi podm\u00ednkami p\u0159ed objedn\u00e1n\u00edm n\u011bkter\u00e9ho v\u00fdrobku Part2Print s.r.o.<\/p>\n\t\t\t\t\t\t<\/div>\n\t\t\t\t<\/div>\n\t\t\t\t<div class=\"elementor-element elementor-element-3c65be7 elementor-widget elementor-widget-heading\" data-id=\"3c65be7\" data-element_type=\"widget\" data-widget_type=\"heading.default\">\n\t\t\t\t<div class=\"elementor-widget-container\">\n\t\t\t<h4 class=\"elementor-heading-title elementor-size-default\"><b>Prod\u00e1vaj\u00edc\u00ed<\/b><\/h4>\t\t<\/div>\n\t\t\t\t<\/div>\n\t\t\t\t<div class=\"elementor-element elementor-element-cba95e9 elementor-widget elementor-widget-text-editor\" data-id=\"cba95e9\" data-element_type=\"widget\" data-widget_type=\"text-editor.default\">\n\t\t\t\t<div class=\"elementor-widget-container\">\n\t\t\t\t\t\t\t<p>Part2Print s.r.o. s\u00eddlem V Lipk\u00e1ch 775\/1, 15400, Praha \u2013 Slivenec, je pr\u00e1vnick\u00e1 osoba zapsan\u00e1 v Obchodn\u00edm rejst\u0159\u00edku u m\u011bstsk\u00e9ho soudu v Praze v odd\u00edlu C 246782, jako obchodn\u00ed spole\u010dnost zab\u00fdvaj\u00edc\u00ed se v\u00fdrobou, instalac\u00ed a oprav elektronick\u00fdch stroj\u016f a p\u0159\u00edstroj\u016f.<\/p>\n<p><b>I\u010c:<\/b> 04392574<\/p>\n<p><b>DI\u010c:<\/b> CZ04392574<\/p>\n<p>V p\u0159\u00edpad\u011b, \u017ee jste p\u0159i n\u00e1kupu p\u0159es n\u00e1\u0161 objedn\u00e1vkov\u00fd syst\u00e9m zvolili dodavatele \u017eivnost (pro n\u00e1kup bez DPH \u2013 pouze u vybran\u00fdch technologi\u00ed), zn\u011bn\u00ed t\u011bchto podm\u00ednek z\u016fst\u00e1v\u00e1 stejn\u00e9, ale prod\u00e1vaj\u00edc\u00edm je fyzick\u00e1 osoba podnikaj\u00edc\u00ed dle \u017eivnostensk\u00e9ho z\u00e1kona nezapsan\u00e1 v obchodn\u00edm rejst\u0159\u00edku, Ing. Petr \u0160ilh\u00e1nek, I\u010c: 01196260.<\/p>\n\t\t\t\t\t\t<\/div>\n\t\t\t\t<\/div>\n\t\t\t\t<div class=\"elementor-element elementor-element-e873c66 elementor-widget elementor-widget-heading\" data-id=\"e873c66\" data-element_type=\"widget\" data-widget_type=\"heading.default\">\n\t\t\t\t<div class=\"elementor-widget-container\">\n\t\t\t<h4 class=\"elementor-heading-title elementor-size-default\"><b>Kupuj\u00edc\u00ed<\/b><\/h4>\t\t<\/div>\n\t\t\t\t<\/div>\n\t\t\t\t<div class=\"elementor-element elementor-element-ad66ab1 elementor-widget elementor-widget-text-editor\" data-id=\"ad66ab1\" data-element_type=\"widget\" data-widget_type=\"text-editor.default\">\n\t\t\t\t<div class=\"elementor-widget-container\">\n\t\t\t\t\t\t\t<p>Konzument p\u0159ed\u00e1 prod\u00e1vaj\u00edc\u00edmu v\u0161echna data pot\u0159ebn\u00e1 k vy\u0159\u00edzen\u00ed objedn\u00e1vky nebo dal\u0161\u00ed data po\u017eadovan\u00e1 prod\u00e1vaj\u00edc\u00edm v kupn\u00ed smlouv\u011b.<\/p>\n<p>Z\u00e1vazky mezi prod\u00e1vaj\u00edc\u00edm a kupuj\u00edc\u00edm nespecifikovan\u00e9 t\u011bmito VOP se pak \u0159\u00edd\u00ed Ob\u010dansk\u00fdm z\u00e1kon\u00edkem \u00a7 40\/1964 a Obchodn\u00edm z\u00e1kon\u00edkem \u00a7 513\/1991<\/p>\n<p>Zprost\u0159edkovatel \u2013 velkoobchodn\u00edk p\u0159ed\u00e1 prod\u00e1vaj\u00edc\u00edmu dokumenty souvisej\u00edc\u00edmi s jeho podnik\u00e1n\u00edm (Z\u00e1pis v obchodn\u00edm rejst\u0159\u00edku, obchodn\u00ed autorizaci, sv\u00e9 \u010d\u00edslo DPH) a je povinen tato data pravideln\u011b dopl\u0148ovat.<\/p>\n<p>Individu\u00e1ln\u00ed smlouva s kupuj\u00edc\u00edm nahrazuje VOP.<\/p>\n<p>Kupuj\u00edc\u00ed si je v\u011bdom, \u017ee koupen\u00edm produkt\u016f nab\u00edzen\u00fdch prod\u00e1vaj\u00edc\u00edm nem\u00e1 pr\u00e1vo u\u017e\u00edvat jeho \u010di jin\u00fdch firem registrovan\u00e9 zna\u010dky, obchodn\u00ed jm\u00e9na, loga nebo patenty pokud nebylo stanoveno zvl\u00e1\u0161tn\u00ed smlouvou.<\/p>\n\t\t\t\t\t\t<\/div>\n\t\t\t\t<\/div>\n\t\t\t\t<div class=\"elementor-element elementor-element-8e133af elementor-widget elementor-widget-heading\" data-id=\"8e133af\" data-element_type=\"widget\" data-widget_type=\"heading.default\">\n\t\t\t\t<div class=\"elementor-widget-container\">\n\t\t\t<h4 class=\"elementor-heading-title elementor-size-default\"><b>II. Ml\u010denlivost a ochrana informac\u00ed<\/b><\/h4>\t\t<\/div>\n\t\t\t\t<\/div>\n\t\t\t\t<div class=\"elementor-element elementor-element-de1d972 elementor-widget elementor-widget-text-editor\" data-id=\"de1d972\" data-element_type=\"widget\" data-widget_type=\"text-editor.default\">\n\t\t\t\t<div class=\"elementor-widget-container\">\n\t\t\t\t\t\t\t<p>Prod\u00e1vaj\u00edc\u00ed prohla\u0161uje, \u017ee ve\u0161ker\u00e1 osobn\u00ed data jdou d\u016fv\u011brn\u00e1 a budou u\u017eita pouze ve smlouv\u011b s prod\u00e1vaj\u00edc\u00edm a tato data nebudou publikov\u00e1na, \u010di p\u0159ed\u00e1na t\u0159et\u00ed osob\u011b s v\u00fdjimkou dat nutn\u00fdch pro doru\u010den\u00ed a placen\u00ed objednan\u00e9ho zbo\u017e\u00ed.<\/p>\n\t\t\t\t\t\t<\/div>\n\t\t\t\t<\/div>\n\t\t\t\t<div class=\"elementor-element elementor-element-c2a3d97 elementor-widget elementor-widget-heading\" data-id=\"c2a3d97\" data-element_type=\"widget\" data-widget_type=\"heading.default\">\n\t\t\t\t<div class=\"elementor-widget-container\">\n\t\t\t<h4 class=\"elementor-heading-title elementor-size-default\"><b>III. N\u00e1v\u0161t\u011bvn\u00ed hodiny<\/b><\/h4>\t\t<\/div>\n\t\t\t\t<\/div>\n\t\t\t\t<div class=\"elementor-element elementor-element-8cdc662 elementor-widget elementor-widget-text-editor\" data-id=\"8cdc662\" data-element_type=\"widget\" data-widget_type=\"text-editor.default\">\n\t\t\t\t<div class=\"elementor-widget-container\">\n\t\t\t\t\t\t\t<p>E-shop je otev\u0159en 24 hodin denn\u011b po sedm dn\u00ed v t\u00fddnu s v\u00fdjimkou n\u011bkolika hodin v m\u011bs\u00edci pot\u0159ebn\u00fdch pro \u00fadr\u017ebu.<\/p>\n\t\t\t\t\t\t<\/div>\n\t\t\t\t<\/div>\n\t\t\t\t<div class=\"elementor-element elementor-element-da1968b elementor-widget elementor-widget-heading\" data-id=\"da1968b\" data-element_type=\"widget\" data-widget_type=\"heading.default\">\n\t\t\t\t<div class=\"elementor-widget-container\">\n\t\t\t<h4 class=\"elementor-heading-title elementor-size-default\"><b>IV. Cen\u00edk<\/b><\/h4>\t\t<\/div>\n\t\t\t\t<\/div>\n\t\t\t\t<div class=\"elementor-element elementor-element-0717246 elementor-widget elementor-widget-text-editor\" data-id=\"0717246\" data-element_type=\"widget\" data-widget_type=\"text-editor.default\">\n\t\t\t\t<div class=\"elementor-widget-container\">\n\t\t\t\t\t\t\t<p>Ceny uveden\u00e9 v on-line e-shopu slou\u017e\u00ed jako st\u00e1l\u00fd cen\u00edk. Ceny zbo\u017e\u00ed z\u00e1vis\u00ed na p\u0159edloh\u00e1ch zaslan\u00fdch kupuj\u00edc\u00edm a parametrech vybran\u00fdch p\u0159i vytv\u00e1\u0159en\u00ed objedn\u00e1vky. Prod\u00e1vaj\u00edc\u00ed si vyhrazuje pr\u00e1vo kdykoliv do p\u0159ed\u00e1n\u00ed v\u00fdrobku zm\u011bnit cenu zbo\u017e\u00ed a to i po jej\u00edm uhrazen\u00ed kupuj\u00edc\u00edm. Kupuj\u00edc\u00ed m\u00e1 potom pr\u00e1vo zm\u011bnu ceny odm\u00edtnout a odstoupit od smlouvy. V p\u0159\u00edpad\u011b odstoupen\u00ed od smlouvy z d\u016fvodu zm\u011bny ceny prod\u00e1vaj\u00edc\u00ed zcela nahrad\u00ed zaplacenou cenu kupuj\u00edc\u00edmu. Prod\u00e1vaj\u00edc\u00ed si tak\u00e9 vyhrazuje pr\u00e1vo na individu\u00e1ln\u00ed nacen\u011bn\u00ed dle povahy objedn\u00e1vky, kter\u00e9 se uskute\u010dn\u00ed skrze elektronickou komunikaci.<\/p>\n\t\t\t\t\t\t<\/div>\n\t\t\t\t<\/div>\n\t\t\t\t<div class=\"elementor-element elementor-element-1430cf9 elementor-widget elementor-widget-heading\" data-id=\"1430cf9\" data-element_type=\"widget\" data-widget_type=\"heading.default\">\n\t\t\t\t<div class=\"elementor-widget-container\">\n\t\t\t<h4 class=\"elementor-heading-title elementor-size-default\"><b>V. Platebn\u00ed podm\u00ednky<\/b><\/h4>\t\t<\/div>\n\t\t\t\t<\/div>\n\t\t\t\t<div class=\"elementor-element elementor-element-8b922b0 elementor-widget elementor-widget-text-editor\" data-id=\"8b922b0\" data-element_type=\"widget\" data-widget_type=\"text-editor.default\">\n\t\t\t\t<div class=\"elementor-widget-container\">\n\t\t\t\t\t\t\t<p>Cenu zbo\u017e\u00ed a n\u00e1klady za dod\u00e1n\u00ed lze uhradit:<\/p>\n<ul>\n<li>Na bankovn\u00ed \u00fa\u010det prod\u00e1vaj\u00edc\u00edho a) pro pl\u00e1tce DPH Raiffeisenbank a.s., \u010d. 103010308\/5500, IBAN: CZ9355000000000103010308, SWIFT\/BIC: RZBCCZPP; b) pro nepl\u00e1tce DPH (dodavatelem je \u017eivnostn\u00edk Ing. Petr \u0160ilh\u00e1nek) Raiffeisenbank a.s., \u010d. 1196260\/5500, IBAN:CZ6855000000000001196260, SWIFT\/BIC: RZBCCZPP<\/li>\n<li>Bezhotovostn\u011b platebn\u00ed kartou skrz br\u00e1nu GoPay,<\/li>\n<li>Dob\u00edrkou v\u00a0hotovosti p\u0159i p\u0159ed\u00e1n\u00ed zbo\u017e\u00ed<\/li>\n<li>PayPal<\/li>\n<li>Fakturou se splatnost\u00ed do 14 dn\u016f od vystaven\u00ed<\/li>\n<\/ul>\n<p>Prod\u00e1vaj\u00edc\u00ed si vyhrazuje pr\u00e1vo na zm\u011bnu ceny podle zvolen\u00e9 platebn\u00ed metody kupuj\u00edc\u00edm. Tato zm\u011bna se v\u00a0uveden\u00e9 v\u00fd\u0161i p\u0159ir\u00e1\u017eky t\u00fdk\u00e1: PayPal 4 %, dob\u00edrka 50,\u2013 K\u010d, GoPay 2 %, faktura 100,\u2013 K\u010d.<\/p>\n\t\t\t\t\t\t<\/div>\n\t\t\t\t<\/div>\n\t\t\t\t<div class=\"elementor-element elementor-element-ef68399 elementor-widget elementor-widget-heading\" data-id=\"ef68399\" data-element_type=\"widget\" data-widget_type=\"heading.default\">\n\t\t\t\t<div class=\"elementor-widget-container\">\n\t\t\t<h4 class=\"elementor-heading-title elementor-size-default\"><b>VI. Zpracov\u00e1n\u00ed objedn\u00e1vek<\/b><\/h4>\t\t<\/div>\n\t\t\t\t<\/div>\n\t\t\t\t<div class=\"elementor-element elementor-element-7b16b4d elementor-widget elementor-widget-text-editor\" data-id=\"7b16b4d\" data-element_type=\"widget\" data-widget_type=\"text-editor.default\">\n\t\t\t\t<div class=\"elementor-widget-container\">\n\t\t\t\t\t\t\t<p>Objedn\u00e1vka se zad\u00e1 na e-shopu a je zpracov\u00e1na automaticky. Doba na v\u00fdrobu objednan\u00e9ho zbo\u017e\u00ed z\u00e1vis\u00ed na parametrech objedn\u00e1vky vytvo\u0159en\u00fdch kupuj\u00edc\u00edm. Tato lh\u016fta je potom z\u00e1vazn\u00e1 pro prod\u00e1vaj\u00edc\u00edho. Lh\u016fta se odv\u00edj\u00ed od doby uhrazen\u00ed celkov\u00e9 ceny kupuj\u00edc\u00edm. P\u0159i nedodr\u017een\u00ed t\u00e9to lh\u016fty o dobu del\u0161\u00ed ne\u017e 3 pracovn\u00ed dny je potom kupuj\u00edc\u00ed opr\u00e1vn\u011bn odstoupit od smlouvy. V p\u0159\u00edpad\u011b odstoupen\u00ed od smlouvy z d\u016fvodu nedodr\u017een\u00ed lh\u016fty prod\u00e1vaj\u00edc\u00ed zcela nahrad\u00ed zaplacenou cenu kupuj\u00edc\u00edmu. P\u0159i nedodr\u017een\u00ed lh\u016fty v\u0161ak prod\u00e1vaj\u00edc\u00ed neru\u010d\u00ed za jak\u00e9koliv jin\u00e9 \u0161kody vznikl\u00e9 kupuj\u00edc\u00edmu. P\u0159i p\u0159ekro\u010den\u00ed lh\u016fty o m\u00e9n\u011b ne\u017e 3 dny m\u00e1 kupuj\u00edc\u00ed pr\u00e1vo n\u00e1rokovat slevu 30% z ceny objedn\u00e1vky.<\/p>\n\t\t\t\t\t\t<\/div>\n\t\t\t\t<\/div>\n\t\t\t\t<div class=\"elementor-element elementor-element-bfb8470 elementor-widget elementor-widget-heading\" data-id=\"bfb8470\" data-element_type=\"widget\" data-widget_type=\"heading.default\">\n\t\t\t\t<div class=\"elementor-widget-container\">\n\t\t\t<h4 class=\"elementor-heading-title elementor-size-default\"><b>VII. Odstoupen\u00ed od smlouvy ze strany kupuj\u00edc\u00edho<\/b><\/h4>\t\t<\/div>\n\t\t\t\t<\/div>\n\t\t\t\t<div class=\"elementor-element elementor-element-117c3fa elementor-widget elementor-widget-text-editor\" data-id=\"117c3fa\" data-element_type=\"widget\" data-widget_type=\"text-editor.default\">\n\t\t\t\t<div class=\"elementor-widget-container\">\n\t\t\t\t\t\t\t<p>V p\u0159\u00edpad\u011b odstoupen\u00ed od smlouvy je prod\u00e1vaj\u00edc\u00ed povinen uhradit kupuj\u00edc\u00edmu \u010d\u00e1stku, jak je ur\u010deno \u00a7 458 odstavec 1. Obchodn\u00edho z\u00e1kon\u00edku \u2013 v praxi je to provedeno formou vyrovn\u00e1n\u00ed oproti prod\u00e1vaj\u00edc\u00ed cen\u011b. Kupuj\u00edc\u00edmu je pak vr\u00e1cena prodejn\u00ed cena.<\/p>\n<p>Kupuj\u00edc\u00ed m\u00e1 pr\u00e1vo odstoupit od smlouvy z n\u00e1sleduj\u00edc\u00edch d\u016fvod\u016f:<\/p>\n<ul>\n<li>Zbo\u017e\u00ed nebylo doru\u010deno.<\/li>\n<li>Dodan\u00e9 zbo\u017e\u00ed neodpov\u00edd\u00e1 objedn\u00e1vce, a i p\u0159es e-mailov\u00e9 upozorn\u011bn\u00ed na adresu orders@part2print.com n\u00e1prava nebyla u\u010din\u011bna do 3 pracovn\u00edch dn\u016f.<\/li>\n<li>Zbo\u017e\u00ed bylo po\u0161kozeno a n\u00e1prava nebyla ud\u011bl\u00e1na do 3 pracovn\u00edch dn\u016f po e-mailov\u00e9m vzkazu na orders@part2print.com.<\/li>\n<li>Zbo\u017e\u00ed neodpov\u00edd\u00e1 avizovan\u00e9 kvalit\u011b, i po upozorn\u011bn\u00ed na tento fakt emailem na orders@part2print.eu n\u00e1prava nebyla u\u010din\u011bna do 5 pracovn\u00edch dn\u016f.<\/li>\n<li>Zbo\u017e\u00ed nebylo vyrobeno v objednan\u00e9 lh\u016ft\u011b a p\u0159ekro\u010den\u00ed t\u00e9to lh\u016fty je del\u0161\u00ed ne\u017e 3 pracovn\u00ed dny.<\/li>\n<li>P\u0159ed dod\u00e1n\u00edm avizovan\u00e1 zm\u011bna ceny nen\u00ed akceptovateln\u00e1 kupuj\u00edc\u00edm.<\/li>\n<\/ul>\n<p>Jestli\u017ee podm\u00ednky pro odstoupen\u00ed byly spln\u011bny, kupuj\u00edc\u00ed m\u00e1 pr\u00e1vo na n\u00e1hradu v maxim\u00e1ln\u00ed v\u00fd\u0161i ceny projektu a po\u0161tovn\u00e9ho. N\u00e1hrada bude splacena stejn\u00fdm zp\u016fsobem, jak\u00fdm prod\u00e1vaj\u00edc\u00ed obdr\u017eel p\u0159\u00edslu\u0161nou \u010d\u00e1stku od kupuj\u00edc\u00edho.<\/p>\n\t\t\t\t\t\t<\/div>\n\t\t\t\t<\/div>\n\t\t\t\t<div class=\"elementor-element elementor-element-4d2b67b elementor-widget elementor-widget-heading\" data-id=\"4d2b67b\" data-element_type=\"widget\" data-widget_type=\"heading.default\">\n\t\t\t\t<div class=\"elementor-widget-container\">\n\t\t\t<h4 class=\"elementor-heading-title elementor-size-default\"><b>VIII. Odstoupen\u00ed od smlouvy ze strany prod\u00e1vaj\u00edc\u00edho<\/b><\/h4>\t\t<\/div>\n\t\t\t\t<\/div>\n\t\t\t\t<div class=\"elementor-element elementor-element-dca7653 elementor-widget elementor-widget-text-editor\" data-id=\"dca7653\" data-element_type=\"widget\" data-widget_type=\"text-editor.default\">\n\t\t\t\t<div class=\"elementor-widget-container\">\n\t\t\t\t\t\t\t<p>Prod\u00e1vaj\u00edc\u00ed m\u00e1 pr\u00e1vo odstoupit od smlouvy z\u00a0n\u00e1sleduj\u00edc\u00edch d\u016fvod\u016f:<\/p>\n<ul>\n<li>Kupuj\u00edc\u00ed po odesl\u00e1n\u00ed objedn\u00e1vky za\u017e\u00e1d\u00e1 o z\u00e1sadn\u00ed zm\u011bnu po\u017eadavk\u016f t\u00fdkaj\u00edc\u00edch se objedn\u00e1vky (parametr\u016f, zp\u016fsobu proveden\u00ed apod.) \u2013 v\u00a0takov\u00e9m p\u0159\u00edpad\u011b ale mus\u00ed kupuj\u00edc\u00ed uhradit ji\u017e vznikl\u00e9 n\u00e1klady z\u00a0p\u016fvodn\u00ed objedn\u00e1vky nebo z\u00e1vazky vznikl\u00e9 z\u00a0p\u0159edchoz\u00ed smlouvy nez\u00e1visle na tom, zda prodejce od smlouvy odstoup\u00ed, nebo se rozhodne objedn\u00e1vku upravit.<\/li>\n<li>Prod\u00e1vaj\u00edc\u00ed nen\u00ed schopen vyhov\u011bt nov\u00fdm po\u017eadavk\u016fm.<\/li>\n<li>Kupuj\u00edc\u00ed nesouhlas\u00ed s\u00a0nov\u00fdm nacen\u011bn\u00edm produktu<\/li>\n<li>V\u00a0p\u0159\u00edpad\u011b zjevn\u00e9 technick\u00e9 chyby v\u00a0nacen\u011bn\u00ed \u2013 prod\u00e1vaj\u00edc\u00ed informuje v\u00a0takov\u00e9m p\u0159\u00edpad\u011b kupuj\u00edc\u00edho do 7 dn\u016f<\/li>\n<li>V\u00a0p\u0159\u00edpad\u011b technick\u00fdch pot\u00ed\u017e\u00ed na stran\u011b prod\u00e1vaj\u00edc\u00edho (poruchy, nedostatek materi\u00e1lu a jin\u00e9 pot\u00ed\u017ee, kter\u00e9 by zap\u0159\u00ed\u010dinily zm\u011bnu ceny objedn\u00e1vky nebo jin\u00e9 parametry).<\/li>\n<\/ul>\n<p>Prod\u00e1vaj\u00edc\u00ed nen\u00ed povinen uhradit kupuj\u00edc\u00edmu n\u00e1klady vznikl\u00e9 z\u00a0nedod\u00e1n\u00ed zbo\u017e\u00ed, pokud ho informuje o technick\u00fdch probl\u00e9mech do 7 dn\u016f od jejich vzniku.<\/p>\n\t\t\t\t\t\t<\/div>\n\t\t\t\t<\/div>\n\t\t\t\t<div class=\"elementor-element elementor-element-d9dcd42 elementor-widget elementor-widget-heading\" data-id=\"d9dcd42\" data-element_type=\"widget\" data-widget_type=\"heading.default\">\n\t\t\t\t<div class=\"elementor-widget-container\">\n\t\t\t<h4 class=\"elementor-heading-title elementor-size-default\"><b>IX. Z\u00e1ruka<\/b><\/h4>\t\t<\/div>\n\t\t\t\t<\/div>\n\t\t\t\t<div class=\"elementor-element elementor-element-4fe6b47 elementor-widget elementor-widget-text-editor\" data-id=\"4fe6b47\" data-element_type=\"widget\" data-widget_type=\"text-editor.default\">\n\t\t\t\t<div class=\"elementor-widget-container\">\n\t\t\t\t\t\t\t<p>Pokud kupuj\u00edc\u00ed nevyj\u00e1d\u0159\u00ed do 7 dn\u016f v\u00fdhrady k dodan\u00e9mu zbo\u017e\u00ed od prod\u00e1vaj\u00edc\u00edho, je takov\u00e9 zbo\u017e\u00ed pova\u017eov\u00e1no za odsouhlasen\u00e9. Pokud nejsou v objedn\u00e1vce nebo u zbo\u017e\u00ed uvedeny jin\u00e9 vlastnosti, na dodan\u00e9 a <strong>odsouhlasen\u00e9<\/strong> zbo\u017e\u00ed se nevztahuje \u017e\u00e1dn\u00e1 z\u00e1ruka, jeliko\u017e se jedn\u00e1 o zbo\u017e\u00ed ur\u010den\u00e9 ke zni\u010den\u00ed v dal\u0161\u00edm procesu v\u00fdroby. Z\u00e1ruka na deklarovan\u00e9 vlastnosti zbo\u017e\u00ed zahrnuje (mimo jin\u00e9) nap\u0159.: vypalitelnost v\u00fdrobku, tepelnou odolnost, rozm\u011brovou p\u0159esnost apod. Pokud n\u011bkter\u00e1 z takov\u00fdch vlastnost\u00ed nen\u00ed u v\u00fdrobku dodr\u017eena, kupuj\u00edc\u00ed m\u00e1 pr\u00e1vo na reklamaci zbo\u017e\u00ed. V takov\u00e9m p\u0159\u00edpad\u011b kupuj\u00edc\u00ed informuje prod\u00e1vaj\u00edc\u00edho na e-mailovou adresu info@part2print.cz. Do p\u0159edm\u011btu e-mailu uvede &#8222;REKLAMACE&#8220; a identifikaci projektu (jm\u00e9no, \u010d\u00edslo apod.). Reklamace je n\u00e1sledn\u011b \u0159e\u0161ena slevou, vr\u00e1cen\u00edm pen\u011bz nebo dod\u00e1n\u00edm nov\u00e9ho v\u00fdrobku s odpov\u00eddaj\u00edc\u00ed kvalitou. Kupuj\u00edc\u00ed m\u00e1 z\u00e1rove\u0148 pr\u00e1vo v takov\u00e9m p\u0159\u00edpad\u011b odstoupit od smlouvy dle bohu VII. t\u011bchto Obchodn\u00edch podm\u00ednek.<\/p>\n\t\t\t\t\t\t<\/div>\n\t\t\t\t<\/div>\n\t\t\t\t<div class=\"elementor-element elementor-element-bab92b8 elementor-widget elementor-widget-heading\" data-id=\"bab92b8\" data-element_type=\"widget\" data-widget_type=\"heading.default\">\n\t\t\t\t<div class=\"elementor-widget-container\">\n\t\t\t<h4 class=\"elementor-heading-title elementor-size-default\"><b>X. Z\u00e1v\u011bre\u010dn\u00e1 ustanoven\u00ed<\/b><\/h4>\t\t<\/div>\n\t\t\t\t<\/div>\n\t\t\t\t<div class=\"elementor-element elementor-element-c80a3cb elementor-widget elementor-widget-text-editor\" data-id=\"c80a3cb\" data-element_type=\"widget\" data-widget_type=\"text-editor.default\">\n\t\t\t\t<div class=\"elementor-widget-container\">\n\t\t\t\t\t\t\t<p>Tyto V\u0161eobecn\u00e9 obchodn\u00ed podm\u00ednky jsou platn\u00e9 od 1.1.2021 a nahrazuj\u00ed v\u0161echny p\u0159edch\u00e1zej\u00edc\u00ed podm\u00ednky a praxi. Prod\u00e1vaj\u00edc\u00ed m\u00e1 pr\u00e1vo tyto zm\u011bnit bez p\u0159edch\u00e1zej\u00edc\u00edho ozn\u00e1men\u00ed.<\/p>\n<p>Vyd\u00e1no 1.1.2021<\/p>\n<p>Tyto Obchodn\u00ed podm\u00ednky jsou stanoveny v souladu se z\u00e1konem \u010d.40\/1964 sb\u00edrky Civiln\u00edho z\u00e1kon\u00edku jak dopln\u011bno z\u00e1konem \u010d. 136\/2002 sb\u00edrky a z\u00e1konem \u010d. 320\/2002 sb\u00edrky, d\u00e1le z\u00e1konem \u010d. 634\/1992.<\/p>\n<p><img decoding=\"async\" loading=\"lazy\" class=\"alignnone size-medium wp-image-12057\" src=\"https:\/\/part2print.cz\/wp-content\/uploads\/2021\/11\/razitko_sro-300x168.png\" alt=\"\" width=\"300\" height=\"168\" srcset=\"https:\/\/part2print.cz\/wp-content\/uploads\/2021\/11\/razitko_sro-300x168.png 300w, https:\/\/part2print.cz\/wp-content\/uploads\/2021\/11\/razitko_sro.png 629w\" sizes=\"(max-width: 300px) 100vw, 300px\" title=\"\"><\/p>\n\t\t\t\t\t\t<\/div>\n\t\t\t\t<\/div>\n\t\t\t\t\t<\/div>\n\t\t<\/div>\n\t\t\t\t\t\t\t<\/div>\n\t\t<\/div>\n\t\t\t\t\t\t\t<\/div>\n\t\t","protected":false},"excerpt":{"rendered":"<p>Obchodn\u00ed podm\u00ednky Tyto V\u0161eobecn\u00e9 obchodn\u00ed podm\u00ednky (VOP) upravuj\u00ed vztah mezi prod\u00e1vaj\u00edc\u00edm \u2013 Part2Print s.r.o. (prod\u00e1vaj\u00edc\u00ed) a jej\u00edm z\u00e1kazn\u00edkem (kupuj\u00edc\u00edm). Kupuj\u00edc\u00ed je povinen sezn\u00e1mit se s Reklama\u010dn\u00edmi podm\u00ednkami a V\u0161eobecn\u00fdmi obchodn\u00edmi podm\u00ednkami p\u0159ed objedn\u00e1n\u00edm n\u011bkter\u00e9ho v\u00fdrobku Part2Print s.r.o. Prod\u00e1vaj\u00edc\u00ed Part2Print s.r.o. s\u00eddlem V Lipk\u00e1ch 775\/1, 15400, Praha \u2013 Slivenec, je pr\u00e1vnick\u00e1 osoba zapsan\u00e1 v Obchodn\u00edm rejst\u0159\u00edku u m\u011bstsk\u00e9ho soudu v Praze v odd\u00edlu C 246782, jako obchodn\u00ed spole\u010dnost zab\u00fdvaj\u00edc\u00ed se v\u00fdrobou, instalac\u00ed a oprav elektronick\u00fdch stroj\u016f a p\u0159\u00edstroj\u016f. I\u010c: 04392574 DI\u010c: CZ04392574 V p\u0159\u00edpad\u011b, \u017ee jste p\u0159i n\u00e1kupu p\u0159es n\u00e1\u0161 objedn\u00e1vkov\u00fd syst\u00e9m zvolili dodavatele \u017eivnost (pro n\u00e1kup bez DPH \u2013 pouze\u2026<\/p>\n","protected":false},"author":3,"featured_media":0,"parent":0,"menu_order":16,"comment_status":"closed","ping_status":"closed","template":"elementor_header_footer","meta":[],"blocksy_meta":{"styles_descriptor":{"styles":{"desktop":"","tablet":"","mobile":""},"google_fonts":[],"version":5}},"_links":{"self":[{"href":"https:\/\/part2print.cz\/de\/wp-json\/wp\/v2\/pages\/5703"}],"collection":[{"href":"https:\/\/part2print.cz\/de\/wp-json\/wp\/v2\/pages"}],"about":[{"href":"https:\/\/part2print.cz\/de\/wp-json\/wp\/v2\/types\/page"}],"author":[{"embeddable":true,"href":"https:\/\/part2print.cz\/de\/wp-json\/wp\/v2\/users\/3"}],"replies":[{"embeddable":true,"href":"https:\/\/part2print.cz\/de\/wp-json\/wp\/v2\/comments?post=5703"}],"version-history":[{"count":0,"href":"https:\/\/part2print.cz\/de\/wp-json\/wp\/v2\/pages\/5703\/revisions"}],"wp:attachment":[{"href":"https:\/\/part2print.cz\/de\/wp-json\/wp\/v2\/media?parent=5703"}],"curies":[{"name":"wp","href":"https:\/\/api.w.org\/{rel}","templated":true}]}}