{"id":5707,"date":"2019-08-01T16:34:45","date_gmt":"2019-08-01T14:34:45","guid":{"rendered":"https:\/\/part2print.cz\/versand-und-zahlungen\/"},"modified":"2022-01-19T22:11:02","modified_gmt":"2022-01-19T21:11:02","slug":"versand-und-zahlungen","status":"publish","type":"page","link":"https:\/\/part2print.cz\/de\/versand-und-zahlungen\/","title":{"rendered":"Versand und Zahlungen"},"content":{"rendered":"\t\t<div data-elementor-type=\"wp-post\" data-elementor-id=\"5707\" class=\"elementor elementor-5707 elementor-1141\">\n\t\t\t\t\t\t\t\t\t<section data-dce-background-overlay-color=\"rgba(0,0,0,0.35)\" data-dce-background-image-url=\"https:\/\/part2print.cz\/wp-content\/uploads\/2020\/06\/photo-1504376830547-506dedfe1fe9.jpg\" class=\"elementor-section elementor-top-section elementor-element elementor-element-1cca85e elementor-section-content-middle elementor-section-height-min-height elementor-section-boxed elementor-section-height-default elementor-section-items-middle\" data-id=\"1cca85e\" data-element_type=\"section\" data-settings=\"{&quot;background_background&quot;:&quot;classic&quot;}\">\n\t\t\t\t\t\t\t<div class=\"elementor-background-overlay\"><\/div>\n\t\t\t\t\t\t\t<div class=\"elementor-container elementor-column-gap-no\">\n\t\t\t\t\t<div class=\"elementor-column elementor-col-100 elementor-top-column elementor-element elementor-element-b1defc3\" data-id=\"b1defc3\" data-element_type=\"column\">\n\t\t\t<div class=\"elementor-widget-wrap elementor-element-populated\">\n\t\t\t\t\t\t\t\t<div class=\"elementor-element elementor-element-dd2124e elementor-widget elementor-widget-heading\" data-id=\"dd2124e\" data-element_type=\"widget\" data-widget_type=\"heading.default\">\n\t\t\t\t<div class=\"elementor-widget-container\">\n\t\t\t<style>\/*! elementor - v3.11.2 - 22-02-2023 *\/\n.elementor-heading-title{padding:0;margin:0;line-height:1}.elementor-widget-heading .elementor-heading-title[class*=elementor-size-]>a{color:inherit;font-size:inherit;line-height:inherit}.elementor-widget-heading .elementor-heading-title.elementor-size-small{font-size:15px}.elementor-widget-heading .elementor-heading-title.elementor-size-medium{font-size:19px}.elementor-widget-heading .elementor-heading-title.elementor-size-large{font-size:29px}.elementor-widget-heading .elementor-heading-title.elementor-size-xl{font-size:39px}.elementor-widget-heading .elementor-heading-title.elementor-size-xxl{font-size:59px}<\/style><h2 class=\"elementor-heading-title elementor-size-default\">Versand und Zahlungen<\/h2>\t\t<\/div>\n\t\t\t\t<\/div>\n\t\t\t\t\t<\/div>\n\t\t<\/div>\n\t\t\t\t\t\t\t<\/div>\n\t\t<\/section>\n\t\t\t\t<section data-dce-background-color=\"#ffffff\" class=\"elementor-section elementor-top-section elementor-element elementor-element-dc8fb8f elementor-section-content-middle elementor-section-boxed elementor-section-height-default elementor-section-height-default\" data-id=\"dc8fb8f\" data-element_type=\"section\" data-settings=\"{&quot;background_background&quot;:&quot;classic&quot;}\">\n\t\t\t\t\t\t<div class=\"elementor-container elementor-column-gap-no\">\n\t\t\t\t\t<div data-dce-background-color=\"#ffffff\" class=\"elementor-column elementor-col-50 elementor-top-column elementor-element elementor-element-552de38\" data-id=\"552de38\" data-element_type=\"column\" data-settings=\"{&quot;background_background&quot;:&quot;classic&quot;}\">\n\t\t\t<div class=\"elementor-widget-wrap elementor-element-populated\">\n\t\t\t\t\t\t\t\t<div class=\"elementor-element elementor-element-5378884 elementor-position-left elementor-vertical-align-top elementor-widget elementor-widget-image-box\" data-id=\"5378884\" data-element_type=\"widget\" data-widget_type=\"image-box.default\">\n\t\t\t\t<div class=\"elementor-widget-container\">\n\t\t\t<style>.elementor-widget-image-box .elementor-image-box-content{width:100%}@media (min-width:768px){.elementor-widget-image-box.elementor-position-left .elementor-image-box-wrapper,.elementor-widget-image-box.elementor-position-right .elementor-image-box-wrapper{display:flex}.elementor-widget-image-box.elementor-position-right .elementor-image-box-wrapper{text-align:right;flex-direction:row-reverse}.elementor-widget-image-box.elementor-position-left .elementor-image-box-wrapper{text-align:left;flex-direction:row}.elementor-widget-image-box.elementor-position-top .elementor-image-box-img{margin:auto}.elementor-widget-image-box.elementor-vertical-align-top .elementor-image-box-wrapper{align-items:flex-start}.elementor-widget-image-box.elementor-vertical-align-middle .elementor-image-box-wrapper{align-items:center}.elementor-widget-image-box.elementor-vertical-align-bottom .elementor-image-box-wrapper{align-items:flex-end}}@media (max-width:767px){.elementor-widget-image-box .elementor-image-box-img{margin-left:auto!important;margin-right:auto!important;margin-bottom:15px}}.elementor-widget-image-box .elementor-image-box-img{display:inline-block}.elementor-widget-image-box .elementor-image-box-title a{color:inherit}.elementor-widget-image-box .elementor-image-box-wrapper{text-align:center}.elementor-widget-image-box .elementor-image-box-description{margin:0}<\/style><div class=\"elementor-image-box-wrapper\"><figure class=\"elementor-image-box-img\"><img decoding=\"async\" width=\"64\" height=\"63\" src=\"https:\/\/part2print.cz\/wp-content\/uploads\/2020\/06\/cz.png\" class=\"attachment-full size-full wp-image-9607\" alt=\"Part2Print doprava \u010cR\" loading=\"lazy\" title=\"\"><\/figure><div class=\"elementor-image-box-content\"><h2 class=\"elementor-image-box-title\">Tschechische Republik<\/h2><p class=\"elementor-image-box-description\"><b> DPD <\/ b> (normales und kleines Paket) 6 EUR <br> <br> <b> Tschechische Post <\/ b> (normales und kleines Paket) 5 EUR <br> <br > <b> Fast Courier in Prag: <\/ b> EUR 8-12 <br> <br> <b> Gr\u00f6\u00dfere Sendungen werden einzeln berechnet: <\/ b> <br> <br><b> Pers\u00f6nliche Abholung an unserer Adresse: <\/ b> U Kr\u010dsk\u00e9 Vod\u00e1rny 63, Prag 4, 140 00<\/p><\/div><\/div>\t\t<\/div>\n\t\t\t\t<\/div>\n\t\t\t\t\t<\/div>\n\t\t<\/div>\n\t\t\t\t<div class=\"elementor-column elementor-col-50 elementor-top-column elementor-element elementor-element-04e84d6\" data-id=\"04e84d6\" data-element_type=\"column\">\n\t\t\t<div class=\"elementor-widget-wrap elementor-element-populated\">\n\t\t\t\t\t\t\t\t<div class=\"elementor-section elementor-inner-section elementor-element elementor-element-5b1b065 elementor-section-full_width elementor-section-content-top elementor-section-height-default elementor-section-height-default\" data-id=\"5b1b065\" data-element_type=\"section\">\n\t\t\t\t\t\t<div class=\"elementor-container elementor-column-gap-no\">\n\t\t\t\t\t<div data-dce-background-color=\"#ffffff\" class=\"elementor-column elementor-col-100 elementor-inner-column elementor-element elementor-element-8f29012\" data-id=\"8f29012\" data-element_type=\"column\" data-settings=\"{&quot;background_background&quot;:&quot;classic&quot;}\">\n\t\t\t<div class=\"elementor-widget-wrap elementor-element-populated\">\n\t\t\t\t\t\t\t\t<div class=\"elementor-element elementor-element-0b238ac elementor-position-left elementor-vertical-align-top elementor-widget elementor-widget-image-box\" data-id=\"0b238ac\" data-element_type=\"widget\" data-widget_type=\"image-box.default\">\n\t\t\t\t<div class=\"elementor-widget-container\">\n\t\t\t<div class=\"elementor-image-box-wrapper\"><figure class=\"elementor-image-box-img\"><img decoding=\"async\" width=\"63\" height=\"63\" src=\"https:\/\/part2print.cz\/wp-content\/uploads\/2020\/06\/sk.png\" class=\"attachment-full size-full wp-image-9616\" alt=\"Part2Print doprava Slovensko\" loading=\"lazy\" title=\"\"><\/figure><div class=\"elementor-image-box-content\"><h3 class=\"elementor-image-box-title\">Slowakei<\/h3><p class=\"elementor-image-box-description\">DPD - ab 15 EUR<\/p><\/div><\/div>\t\t<\/div>\n\t\t\t\t<\/div>\n\t\t\t\t\t<\/div>\n\t\t<\/div>\n\t\t\t\t\t\t\t<\/div>\n\t\t<\/div>\n\t\t\t\t<div class=\"elementor-section elementor-inner-section elementor-element elementor-element-a16d8da elementor-section-full_width elementor-section-content-top elementor-section-height-default elementor-section-height-default\" data-id=\"a16d8da\" data-element_type=\"section\">\n\t\t\t\t\t\t<div class=\"elementor-container elementor-column-gap-no\">\n\t\t\t\t\t<div data-dce-background-color=\"#ffffff\" class=\"elementor-column elementor-col-100 elementor-inner-column elementor-element elementor-element-8a6df06\" data-id=\"8a6df06\" data-element_type=\"column\" data-settings=\"{&quot;background_background&quot;:&quot;classic&quot;}\">\n\t\t\t<div class=\"elementor-widget-wrap elementor-element-populated\">\n\t\t\t\t\t\t\t\t<div class=\"elementor-element elementor-element-06b9bd9 elementor-position-left elementor-vertical-align-top elementor-widget elementor-widget-image-box\" data-id=\"06b9bd9\" data-element_type=\"widget\" data-widget_type=\"image-box.default\">\n\t\t\t\t<div class=\"elementor-widget-container\">\n\t\t\t<div class=\"elementor-image-box-wrapper\"><figure class=\"elementor-image-box-img\"><img decoding=\"async\" width=\"63\" height=\"63\" src=\"https:\/\/part2print.cz\/wp-content\/uploads\/2020\/06\/eu.png\" class=\"attachment-full size-full wp-image-9610\" alt=\"Part2Print doprava Evropa\" loading=\"lazy\" title=\"\"><\/figure><div class=\"elementor-image-box-content\"><h3 class=\"elementor-image-box-title\">Europa<\/h3><p class=\"elementor-image-box-description\">DHL Express a TNT \u2013 ab 30 EUR<\/p><\/div><\/div>\t\t<\/div>\n\t\t\t\t<\/div>\n\t\t\t\t\t<\/div>\n\t\t<\/div>\n\t\t\t\t\t\t\t<\/div>\n\t\t<\/div>\n\t\t\t\t<div class=\"elementor-section elementor-inner-section elementor-element elementor-element-7a872f4 elementor-section-full_width elementor-section-content-top elementor-section-height-default elementor-section-height-default\" data-id=\"7a872f4\" data-element_type=\"section\">\n\t\t\t\t\t\t<div class=\"elementor-container elementor-column-gap-no\">\n\t\t\t\t\t<div data-dce-background-color=\"#ffffff\" class=\"elementor-column elementor-col-100 elementor-inner-column elementor-element elementor-element-88c3b7e\" data-id=\"88c3b7e\" data-element_type=\"column\" data-settings=\"{&quot;background_background&quot;:&quot;classic&quot;}\">\n\t\t\t<div class=\"elementor-widget-wrap elementor-element-populated\">\n\t\t\t\t\t\t\t\t<div class=\"elementor-element elementor-element-a15e2d3 elementor-position-left elementor-vertical-align-top elementor-widget elementor-widget-image-box\" data-id=\"a15e2d3\" data-element_type=\"widget\" data-widget_type=\"image-box.default\">\n\t\t\t\t<div class=\"elementor-widget-container\">\n\t\t\t<div class=\"elementor-image-box-wrapper\"><figure class=\"elementor-image-box-img\"><img decoding=\"async\" width=\"64\" height=\"63\" src=\"https:\/\/part2print.cz\/wp-content\/uploads\/2020\/06\/world.png\" class=\"attachment-full size-full wp-image-9619\" alt=\"Part2Print doprava sv\u011bt\" loading=\"lazy\" title=\"\"><\/figure><div class=\"elementor-image-box-content\"><h3 class=\"elementor-image-box-title\">Die Welt<\/h3><p class=\"elementor-image-box-description\">DHL Express a TNT \u2013 ab 45 EUR<\/p><\/div><\/div>\t\t<\/div>\n\t\t\t\t<\/div>\n\t\t\t\t\t<\/div>\n\t\t<\/div>\n\t\t\t\t\t\t\t<\/div>\n\t\t<\/div>\n\t\t\t\t\t<\/div>\n\t\t<\/div>\n\t\t\t\t\t\t\t<\/div>\n\t\t<\/section>\n\t\t\t\t\t\t\t<\/div>\n\t\t","protected":false},"excerpt":{"rendered":"<p>Versand und Zahlungen Tschechische Republik DPD (normales und kleines Paket) 6 EUR Tschechische Post (normales und kleines Paket) 5 EUR Fast Courier in Prag: EUR 8-12 Gr\u00f6\u00dfere Sendungen werden einzeln berechnet: Pers\u00f6nliche Abholung an unserer Adresse: U Kr\u010dsk\u00e9 Vod\u00e1rny 63, Prag 4, 140 00 Slowakei DPD &#8211; ab 15 EUR Europa DHL Express a TNT \u2013 ab 30 EUR Die Welt DHL Express a TNT \u2013 ab 45 EUR<\/p>\n","protected":false},"author":3,"featured_media":0,"parent":0,"menu_order":41,"comment_status":"closed","ping_status":"closed","template":"elementor_header_footer","meta":[],"blocksy_meta":{"styles_descriptor":{"styles":{"desktop":"","tablet":"","mobile":""},"google_fonts":[],"version":5}},"_links":{"self":[{"href":"https:\/\/part2print.cz\/de\/wp-json\/wp\/v2\/pages\/5707"}],"collection":[{"href":"https:\/\/part2print.cz\/de\/wp-json\/wp\/v2\/pages"}],"about":[{"href":"https:\/\/part2print.cz\/de\/wp-json\/wp\/v2\/types\/page"}],"author":[{"embeddable":true,"href":"https:\/\/part2print.cz\/de\/wp-json\/wp\/v2\/users\/3"}],"replies":[{"embeddable":true,"href":"https:\/\/part2print.cz\/de\/wp-json\/wp\/v2\/comments?post=5707"}],"version-history":[{"count":0,"href":"https:\/\/part2print.cz\/de\/wp-json\/wp\/v2\/pages\/5707\/revisions"}],"wp:attachment":[{"href":"https:\/\/part2print.cz\/de\/wp-json\/wp\/v2\/media?parent=5707"}],"curies":[{"name":"wp","href":"https:\/\/api.w.org\/{rel}","templated":true}]}}