{"id":11729,"date":"2021-10-11T11:07:37","date_gmt":"2021-10-11T09:07:37","guid":{"rendered":"https:\/\/part2print.cz\/nda\/"},"modified":"2022-01-20T11:49:17","modified_gmt":"2022-01-20T10:49:17","slug":"nda","status":"publish","type":"page","link":"https:\/\/part2print.cz\/en\/nda\/","title":{"rendered":"NDA"},"content":{"rendered":"\t\t<div data-elementor-type=\"wp-page\" data-elementor-id=\"11729\" class=\"elementor elementor-11729 elementor-10955\">\n\t\t\t\t\t\t\t\t\t<div class=\"elementor-section elementor-top-section elementor-element elementor-element-2b36b8d elementor-section-content-middle elementor-section-height-min-height elementor-section-boxed elementor-section-height-default elementor-section-items-middle\" data-id=\"2b36b8d\" data-element_type=\"section\">\n\t\t\t\t\t\t<div class=\"elementor-container elementor-column-gap-no\">\n\t\t\t\t\t<div class=\"elementor-column elementor-col-100 elementor-top-column elementor-element elementor-element-9cc0b7d\" data-id=\"9cc0b7d\" data-element_type=\"column\">\n\t\t\t<div class=\"elementor-widget-wrap elementor-element-populated\">\n\t\t\t\t\t\t\t\t<div class=\"elementor-element elementor-element-92c2484 elementor-widget elementor-widget-heading\" data-id=\"92c2484\" data-element_type=\"widget\" data-widget_type=\"heading.default\">\n\t\t\t\t<div class=\"elementor-widget-container\">\n\t\t\t<style>\/*! elementor - v3.11.2 - 22-02-2023 *\/\n.elementor-heading-title{padding:0;margin:0;line-height:1}.elementor-widget-heading .elementor-heading-title[class*=elementor-size-]>a{color:inherit;font-size:inherit;line-height:inherit}.elementor-widget-heading .elementor-heading-title.elementor-size-small{font-size:15px}.elementor-widget-heading .elementor-heading-title.elementor-size-medium{font-size:19px}.elementor-widget-heading .elementor-heading-title.elementor-size-large{font-size:29px}.elementor-widget-heading .elementor-heading-title.elementor-size-xl{font-size:39px}.elementor-widget-heading .elementor-heading-title.elementor-size-xxl{font-size:59px}<\/style><h2 class=\"elementor-heading-title elementor-size-default\">NON DISLOSURE AGREEMENT<\/h2>\t\t<\/div>\n\t\t\t\t<\/div>\n\t\t\t\t<div class=\"elementor-element elementor-element-2cc4a64 elementor-widget elementor-widget-text-editor\" data-id=\"2cc4a64\" data-element_type=\"widget\" data-widget_type=\"text-editor.default\">\n\t\t\t\t<div class=\"elementor-widget-container\">\n\t\t\t<style>\/*! elementor - v3.11.2 - 22-02-2023 *\/\n.elementor-widget-text-editor.elementor-drop-cap-view-stacked .elementor-drop-cap{background-color:#818a91;color:#fff}.elementor-widget-text-editor.elementor-drop-cap-view-framed .elementor-drop-cap{color:#818a91;border:3px solid;background-color:transparent}.elementor-widget-text-editor:not(.elementor-drop-cap-view-default) .elementor-drop-cap{margin-top:8px}.elementor-widget-text-editor:not(.elementor-drop-cap-view-default) .elementor-drop-cap-letter{width:1em;height:1em}.elementor-widget-text-editor .elementor-drop-cap{float:left;text-align:center;line-height:1;font-size:50px}.elementor-widget-text-editor .elementor-drop-cap-letter{display:inline-block}<\/style>\t\t\t\t<p><span style=\"color: windowtext; text-align: justify; letter-spacing: 0px;\">which has been concluded according to \u00a7 Section 1746(2) of Act No. 89\/2012 Coll., the Civil Code, as on the day, month and year stated below<\/span><\/p>\t\t\t\t\t\t<\/div>\n\t\t\t\t<\/div>\n\t\t\t\t<div class=\"elementor-element elementor-element-9db5a64 elementor-widget elementor-widget-heading\" data-id=\"9db5a64\" data-element_type=\"widget\" data-widget_type=\"heading.default\">\n\t\t\t\t<div class=\"elementor-widget-container\">\n\t\t\t<h6 class=\"elementor-heading-title elementor-size-default\">Part2Print s.r.o.<\/h6>\t\t<\/div>\n\t\t\t\t<\/div>\n\t\t\t\t<div class=\"elementor-element elementor-element-e02b42a elementor-widget elementor-widget-text-editor\" data-id=\"e02b42a\" data-element_type=\"widget\" data-widget_type=\"text-editor.default\">\n\t\t\t\t<div class=\"elementor-widget-container\">\n\t\t\t\t\t\t\t<p>I\u010c (CIN): 04392574<\/p><p>DI\u010c (VATIN): CZ04392574<\/p><p>Residence: U Kr\u010dsk\u00e9 vod\u00e1rny 1134\/63, 140 00 Praha 4, Czech Republic<\/p><p>Billing address: V Lipk\u00e1ch 775\/1, Slivenec, 154 00 Praha 5, Czech Republic<\/p><p>Registered in business register at Municipal Court in Prague under section C 246782<br \/>Contact information: e-mail: <a href=\"mailto:info@part2print.cz\">info@part2print.cz<\/a>, tel.: +420\u00a0606\u00a0652\u00a0363 (Mon \u2013 Fri, 10:00 am \u2013 18:00 pm), web: <strong>part2print.cz<\/strong><\/p><p>Represented by Ing. Petr \u0160ilh\u00e1nek<\/p><p>and<\/p>\t\t\t\t\t\t<\/div>\n\t\t\t\t<\/div>\n\t\t\t\t<div class=\"elementor-element elementor-element-5a14f81 elementor-widget elementor-widget-text-editor\" data-id=\"5a14f81\" data-element_type=\"widget\" data-widget_type=\"text-editor.default\">\n\t\t\t\t<div class=\"elementor-widget-container\">\n\t\t\t\t\t\t\t<p>Customer or client who, regardless of whether binding or non-binding, requests the services of Part2Print s.r.o.<\/p><p>\u00a0(hereinafter collectively referred to as the \u201cParties\u201d)<\/p>\t\t\t\t\t\t<\/div>\n\t\t\t\t<\/div>\n\t\t\t\t<div class=\"elementor-element elementor-element-cbd5784 elementor-widget elementor-widget-heading\" data-id=\"cbd5784\" data-element_type=\"widget\" data-widget_type=\"heading.default\">\n\t\t\t\t<div class=\"elementor-widget-container\">\n\t\t\t<h4 class=\"elementor-heading-title elementor-size-default\">I.<\/h4>\t\t<\/div>\n\t\t\t\t<\/div>\n\t\t\t\t<div class=\"elementor-element elementor-element-0f78a13 elementor-widget elementor-widget-text-editor\" data-id=\"0f78a13\" data-element_type=\"widget\" data-widget_type=\"text-editor.default\">\n\t\t\t\t<div class=\"elementor-widget-container\">\n\t\t\t\t\t\t\t<ol><li>The purpose of this agreement is to protect the confidential information that the Parties become acquainted with in the course of negotiations on cooperation and subsequent cooperation, within the framework of which Part2Print s.r.o. will provide 3D printing, prototyping and other services to the customer or client.<\/li><li>The subject matter of this agreement is the further definition of the Parties\u2019 confidential information and the assumption of the Parties\u2019 obligation to keep such information confidential and not to disclose it or allow access to it to third parties or to use it for their own benefit or for the benefit of third parties, unless otherwise provided in this agreement.<\/li><li>Such confidential information is considered:<br \/><ul><li>All data provided by both parties, regardless of the form and manner of disclosure or the way that the data is captured<\/li><li>All information and details of the Parties\u2019 technologies and production processes<\/li><li>Any information which the Parties learn or disclose to each other<\/li><li>The mere existence of such facts and the mutual cooperation of the Parties<\/li><\/ul><\/li><li>Trade secrets and confidential information within the meaning of Section 1730 of the Civil Code protected by this agreement shall also include all facts of a technical, economic, legal and production nature in tangible or intangible form which have been so designated by one of the Parties and have been provided to the other party. The Parties have an interest in their confidentiality and in the appropriate manner of their protection. Trade secrets and confidential information are hereinafter collectively referred to as \u201cprotected information\u201d.<\/li><\/ol>\t\t\t\t\t\t<\/div>\n\t\t\t\t<\/div>\n\t\t\t\t<div class=\"elementor-element elementor-element-889d429 elementor-widget elementor-widget-heading\" data-id=\"889d429\" data-element_type=\"widget\" data-widget_type=\"heading.default\">\n\t\t\t\t<div class=\"elementor-widget-container\">\n\t\t\t<h4 class=\"elementor-heading-title elementor-size-default\">II.<\/h4>\t\t<\/div>\n\t\t\t\t<\/div>\n\t\t\t\t<div class=\"elementor-element elementor-element-2a73855 elementor-widget elementor-widget-text-editor\" data-id=\"2a73855\" data-element_type=\"widget\" data-widget_type=\"text-editor.default\">\n\t\t\t\t<div class=\"elementor-widget-container\">\n\t\t\t\t\t\t\t<ol><li>Both Parties undertake that all facts within the scope of trade secrets and confidential information:<br \/><ul><li>The Parties shall not disseminate or reproduce it and shall not make it available to any third party.<\/li><li>At the same time parties undertake to ensure that the documents and possible analyses containing trade secrets or confidential information are properly filed.<\/li><li>The parties agree not to use the trade secrets and confidential information contrary to their purpose of the purpose of disclosing them for their own use or for the benefit of third parties<\/li><li>The data sent to Part2Print s.r.o. shall be stored on servers for a maximum of 2 years.<\/li><\/ul><\/li><\/ol><p style=\"padding-left: 40px;\">The Parties acknowledge that unless one Party expressly disagrees, the products produced according to the data sent to Part2Print s.r.o. may be exhibited in a brick-and-mortar Part2Print establishment. This exhibition is for informational purposes only and is not intended to inform about the parameters and details of the order itself.<\/p><ol start=\"2\"><li>Both Parties shall reduce the amount of employees who come into contact with the protected information and shall take effective measures to prevent the information leakage.<\/li><li>In case a contract Party needs a third party to carry out an activity, it may only provide the information protected under this agreement to the third party with the prior consent of the other Party, provided that the third party contractually undertakes to protect it.<\/li><li>The obligations from this agreement shall not apply to protected information that:<br \/><ul><li>may be disclosed without breach of this agreement<\/li><li>has been released from such restrictions by written consent of the other Party<\/li><li>is in the public domain or has been disclosed in other way than in breach of an obligation of one of the Parties<\/li><li>the recipient of information has full demonstrable knowledge of them prior to disclosure by the Party<\/li><li>is requested by a court, a public prosecutor\u2019s office or a competent administrative authority pursuant to law and are used only for that purpose.<\/li><\/ul><\/li><li>The provision of information falling within the scope of trade secrets or confidential information does not confer any right to license, trademark, patent, right of use or distribution of a copyrighted work, or any other intellectual or industrial property right. All information under this agreement shall remain the property of the providing Party.<\/li><li>These obligations come into force at the moment of requesting the services by the Customer from Part2Print s.r.o.<\/li><\/ol>\t\t\t\t\t\t<\/div>\n\t\t\t\t<\/div>\n\t\t\t\t<div class=\"elementor-element elementor-element-3211552 elementor-widget elementor-widget-heading\" data-id=\"3211552\" data-element_type=\"widget\" data-widget_type=\"heading.default\">\n\t\t\t\t<div class=\"elementor-widget-container\">\n\t\t\t<h4 class=\"elementor-heading-title elementor-size-default\">III.<\/h4>\t\t<\/div>\n\t\t\t\t<\/div>\n\t\t\t\t<div class=\"elementor-element elementor-element-d600419 elementor-widget elementor-widget-text-editor\" data-id=\"d600419\" data-element_type=\"widget\" data-widget_type=\"text-editor.default\">\n\t\t\t\t<div class=\"elementor-widget-container\">\n\t\t\t\t\t\t\t<ol><li>In case of a breach of obligations relating to the protection of business secrets or confidential information according to this agreement, the aggrieved Party shall be entitled to claim liquidated damages from the other Party who breached such obligations.<\/li><li>The amount of the fine is set to compensate the damages incurred by the leaked information to the injured party.<\/li><li>The contractual penalty to which the aggrieved party is entitled under this contract shall be paid by the other party within 14 calendar days from the date from the date of proven delivery of the demand for payment of the contractual penalty. Proper service on the other Party shall be deemed to be personal delivery, sending by courier service with proof of delivery or by certified electronic mail to the address of the Party concerned.<\/li><li>Delivery through a postal licensee means that the message is delivered by registered mail to the delivery address of the contracting Party. The date of delivery means the date of receipt of the mail or the date of refusal to accept the mail. The date of delivery shall also mean the third (3rd) day after the date of submission of the item for mailing.<\/li><li>If one Party causes damage to the other party by breach of this agreement, it shall be liable for such damage in accordance with general legal regulations. Payment of the contractual penalty shall not affect the right to compensation for damages.<\/li><\/ol>\t\t\t\t\t\t<\/div>\n\t\t\t\t<\/div>\n\t\t\t\t<div class=\"elementor-element elementor-element-9ea8d0f elementor-widget elementor-widget-heading\" data-id=\"9ea8d0f\" data-element_type=\"widget\" data-widget_type=\"heading.default\">\n\t\t\t\t<div class=\"elementor-widget-container\">\n\t\t\t<h4 class=\"elementor-heading-title elementor-size-default\">IV.<\/h4>\t\t<\/div>\n\t\t\t\t<\/div>\n\t\t\t\t<div class=\"elementor-element elementor-element-5542023 elementor-widget elementor-widget-text-editor\" data-id=\"5542023\" data-element_type=\"widget\" data-widget_type=\"text-editor.default\">\n\t\t\t\t<div class=\"elementor-widget-container\">\n\t\t\t\t\t\t\t<ol><li>If any provision of this agreement is found or becomes invalid, unenforceable or ineffective, such invalidity, unenforceability or ineffectiveness shall not affect the other provisions of this agreement.<\/li><li>The contract is concluded for an indefinite period of time.<\/li><li>The obligations set in this agreement to protect trade secrets and confidential information that was provided prior to the effective date of termination of this agreement shall apply even after the termination of this agreement for a period of three years from the effective date of termination of this agreement.<\/li><li>All amendments and additions to this agreement require the written consent of both parties in the form of successively numbered amendments.<\/li><li>Legal relations arising from this agreement shall be governed by the laws of the Czech Republic.<\/li><\/ol>\t\t\t\t\t\t<\/div>\n\t\t\t\t<\/div>\n\t\t\t\t<div class=\"elementor-element elementor-element-15fa5e8 elementor-widget elementor-widget-text-editor\" data-id=\"15fa5e8\" data-element_type=\"widget\" data-widget_type=\"text-editor.default\">\n\t\t\t\t<div class=\"elementor-widget-container\">\n\t\t\t\t\t\t\t<p>This agreement shall come into force at the moment of requesting services by the Customer on the Part2Print s.r.o. party.<\/p><p><img decoding=\"async\" src=\"https:\/\/part2print.cz\/wp-content\/uploads\/2021\/11\/razitko_sro-300x168.png\" alt=\"\" title=\"\"><\/p>\t\t\t\t\t\t<\/div>\n\t\t\t\t<\/div>\n\t\t\t\t\t<\/div>\n\t\t<\/div>\n\t\t\t\t\t\t\t<\/div>\n\t\t<\/div>\n\t\t\t\t\t\t\t<\/div>\n\t\t","protected":false},"excerpt":{"rendered":"<p>NON DISLOSURE AGREEMENT which has been concluded according to \u00a7 Section 1746(2) of Act No. 89\/2012 Coll., the Civil Code, as on the day, month and year stated below Part2Print s.r.o. I\u010c (CIN): 04392574 DI\u010c (VATIN): CZ04392574 Residence: U Kr\u010dsk\u00e9 vod\u00e1rny 1134\/63, 140 00 Praha 4, Czech Republic Billing address: V Lipk\u00e1ch 775\/1, Slivenec, 154 00 Praha 5, Czech Republic Registered in business register at Municipal Court in Prague under section C 246782Contact information: e-mail: info@part2print.cz, tel.: +420\u00a0606\u00a0652\u00a0363 (Mon \u2013 Fri, 10:00 am \u2013 18:00 pm), web: part2print.cz Represented by Ing. Petr \u0160ilh\u00e1nek and Customer or client who, regardless of\u2026<\/p>\n","protected":false},"author":3,"featured_media":0,"parent":0,"menu_order":29,"comment_status":"closed","ping_status":"closed","template":"elementor_header_footer","meta":[],"blocksy_meta":{"styles_descriptor":{"styles":{"desktop":"","tablet":"","mobile":""},"google_fonts":[],"version":5}},"_links":{"self":[{"href":"https:\/\/part2print.cz\/en\/wp-json\/wp\/v2\/pages\/11729"}],"collection":[{"href":"https:\/\/part2print.cz\/en\/wp-json\/wp\/v2\/pages"}],"about":[{"href":"https:\/\/part2print.cz\/en\/wp-json\/wp\/v2\/types\/page"}],"author":[{"embeddable":true,"href":"https:\/\/part2print.cz\/en\/wp-json\/wp\/v2\/users\/3"}],"replies":[{"embeddable":true,"href":"https:\/\/part2print.cz\/en\/wp-json\/wp\/v2\/comments?post=11729"}],"version-history":[{"count":0,"href":"https:\/\/part2print.cz\/en\/wp-json\/wp\/v2\/pages\/11729\/revisions"}],"wp:attachment":[{"href":"https:\/\/part2print.cz\/en\/wp-json\/wp\/v2\/media?parent=11729"}],"curies":[{"name":"wp","href":"https:\/\/api.w.org\/{rel}","templated":true}]}}